{"id":3,"date":"2019-04-11T14:56:06","date_gmt":"2019-04-11T12:56:06","guid":{"rendered":"http:\/\/laboratoire-selhausen.fr\/?page_id=3"},"modified":"2019-05-18T21:23:44","modified_gmt":"2019-05-18T19:23:44","slug":"mentions-legales","status":"publish","type":"page","link":"https:\/\/laboratoire-selhausen.fr\/index.php\/mentions-legales\/","title":{"rendered":"Mentions l\u00e9gales"},"content":{"rendered":"\n<p class=\"has-medium-font-size\">&nbsp;<\/p>\n\n\n\n<h2 class=\"wp-block-heading\">1. Propri\u00e9taire du site<\/h2>\n\n\n\n<h3 class=\"wp-block-heading\">Laboratoire Selhausen<\/h3>\n\n\n\n<p class=\"has-medium-font-size\"><strong>Adresse:<\/strong> 9 rue Fr\u00e9d\u00e9ric Chopin 54000 NANCY<\/p>\n\n\n\n<p class=\"has-medium-font-size\"><br><strong>SIRET:<\/strong> 33395901300033<\/p>\n\n\n\n<p class=\"has-medium-font-size\"><strong>T\u00e9l\u00e9phone:<\/strong> 0383277545<\/p>\n\n\n\n<p class=\"has-medium-font-size\"><strong>E-mail:<\/strong> <a href=\"mailto:labolive@neuf.fr\" target=\"_blank\" rel=\"noreferrer noopener\">labolive@neuf.fr<\/a><\/p>\n\n\n\n<p class=\"has-medium-font-size\"><strong>L\u2019adresse de notre site Web est&nbsp;: <\/strong> https:\/\/laboratoire-selhausen.fr<\/p>\n\n\n\n<p class=\"has-medium-font-size\"><strong>H\u00e9bergeur du site<\/strong> : Hostinger France<\/p>\n\n\n\n<p><strong>Adresse: <\/strong><br>Hostinger International Ltd. 61 Lordou Vironos Street<br>6023 Larnaca, Chypre<\/p>\n\n\n\n<p>&nbsp;<\/p>\n\n\n\n<h2 class=\"wp-block-heading\">2. Propri\u00e9t\u00e9 intellectuelle et contrefa\u00e7ons<\/h2>\n\n\n\n<p>Le laboratoire dentaire SELHAUSEN garde ses droits de propri\u00e9t\u00e9 intellectuelle et d\u00e9tient les droits d\u2019usage sur tous les \u00e9l\u00e9ments accessibles sur le site,&nbsp;notamment les textes, images, photos, logo, ic\u00f4nes, sons, logiciels.<\/p>\n\n\n\n<p>Toute reproduction, repr\u00e9sentation, modification, publication adaptation de tout ou partie \u00e0 d\u2019autre fins sur un quelconque support est formellement INTERDITE, SAUF autorisation \u00e9crite de l\u2019auteur conform\u00e9ment \u00e0 l\u2019article L122-4 du code de la propri\u00e9t\u00e9 intellectuelle.<\/p>\n\n\n\n<p><p>Le non respect de cette interdiction constitue une contrefa\u00e7on pouvant engager la responsabilit\u00e9 civile et p\u00e9nal du contrefacteur.<\/p>\n<p>&nbsp;<\/p>\n<h2>3. Protection des donn\u00e9es<\/h2>\n<p>Conform\u00e9ment \u00e0 la loi n\u00b0 78-17 du 6 janvier 1978 modifi\u00e9e, relative \u00e0 l&rsquo;informatique, aux fichiers, aux Libert\u00e9s et au R\u00e8glement europ\u00e9en concernant la protection des donn\u00e9es personnelles, les internautes disposent&nbsp; d&rsquo;un droit d&rsquo;acc\u00e8s , de modification et de suppression des donn\u00e9es qui les concernent en nous contactant par voie postale ou \u00e9lectronique.<br>Les informations personnelles collect\u00e9es sont confidentielles et ne sont en aucun cas transmises \u00e0 des tiers hormis consentement de l&rsquo;internaute.<\/p>\n<h2><br>4. Liens<\/h2>\n<p><br>Les sites reli\u00e9s directement ou indirectement au site du laboratoire SELHAUSEN ne sont pas soumis \u00e0 son contr\u00f4le. En cons\u00e9quence, nous n&rsquo;assumons aucune responsabilit\u00e9 quant aux informations publi\u00e9s sur ces sites.<\/p>\n<h2><br>5. Droits applicables<\/h2>\n<p><br>Les pr\u00e9sentes Mentions L\u00e9gales sont soumises \u00e0 la l\u00e9gislation fran\u00e7aise. En cas de litige, les tribunaux fran\u00e7ais seront les seuls comp\u00e9tents.&nbsp;<\/p><\/p>\n ","protected":false},"excerpt":{"rendered":"<p>&nbsp; 1. Propri\u00e9taire du site Laboratoire Selhausen Adresse: 9 rue Fr\u00e9d\u00e9ric Chopin 54000 NANCY SIRET: 33395901300033 T\u00e9l\u00e9phone: 0383277545 E-mail: labolive@neuf.fr L\u2019adresse de notre site Web est&nbsp;: https:\/\/laboratoire-selhausen.fr H\u00e9bergeur du site : Hostinger France Adresse: Hostinger International Ltd. 61 Lordou Vironos Street6023 Larnaca, Chypre &nbsp; 2. Propri\u00e9t\u00e9 intellectuelle et contrefa\u00e7ons Le laboratoire dentaire SELHAUSEN garde ses&hellip;<\/p>\n","protected":false},"author":1,"featured_media":0,"parent":0,"menu_order":0,"comment_status":"closed","ping_status":"open","template":"","meta":[],"class_list":["post-3","page","type-page","status-publish","hentry","description-off"],"yoast_head":"<!-- This site is optimized with the Yoast SEO plugin v24.9 - https:\/\/yoast.com\/wordpress\/plugins\/seo\/ -->\n<title>Mentions l\u00e9gales - laboratoire dentaire Selhausen<\/title>\n<meta name=\"robots\" content=\"index, follow, max-snippet:-1, max-image-preview:large, max-video-preview:-1\" \/>\n<link rel=\"canonical\" href=\"https:\/\/laboratoire-selhausen.fr\/index.php\/mentions-legales\/\" \/>\n<meta property=\"og:locale\" content=\"fr_FR\" \/>\n<meta property=\"og:type\" content=\"article\" \/>\n<meta property=\"og:title\" content=\"Mentions l\u00e9gales - laboratoire dentaire Selhausen\" \/>\n<meta property=\"og:description\" content=\"&nbsp; 1. Propri\u00e9taire du site Laboratoire Selhausen Adresse: 9 rue Fr\u00e9d\u00e9ric Chopin 54000 NANCY SIRET: 33395901300033 T\u00e9l\u00e9phone: 0383277545 E-mail: labolive@neuf.fr L\u2019adresse de notre site Web est&nbsp;: https:\/\/laboratoire-selhausen.fr H\u00e9bergeur du site : Hostinger France Adresse: Hostinger International Ltd. 61 Lordou Vironos Street6023 Larnaca, Chypre &nbsp; 2. Propri\u00e9t\u00e9 intellectuelle et contrefa\u00e7ons Le laboratoire dentaire SELHAUSEN garde ses&hellip;\" \/>\n<meta property=\"og:url\" content=\"https:\/\/laboratoire-selhausen.fr\/index.php\/mentions-legales\/\" \/>\n<meta property=\"og:site_name\" content=\"laboratoire dentaire Selhausen\" \/>\n<meta property=\"article:publisher\" content=\"https:\/\/www.facebook.com\/Laboratoire-Selhausen-1871019383114080\/\" \/>\n<meta property=\"article:modified_time\" content=\"2019-05-18T19:23:44+00:00\" \/>\n<meta name=\"twitter:card\" content=\"summary_large_image\" \/>\n<meta name=\"twitter:label1\" content=\"Dur\u00e9e de lecture estim\u00e9e\" \/>\n\t<meta name=\"twitter:data1\" content=\"1 minute\" \/>\n<script type=\"application\/ld+json\" class=\"yoast-schema-graph\">{\"@context\":\"https:\/\/schema.org\",\"@graph\":[{\"@type\":\"WebPage\",\"@id\":\"https:\/\/laboratoire-selhausen.fr\/index.php\/mentions-legales\/\",\"url\":\"https:\/\/laboratoire-selhausen.fr\/index.php\/mentions-legales\/\",\"name\":\"Mentions l\u00e9gales - laboratoire dentaire Selhausen\",\"isPartOf\":{\"@id\":\"https:\/\/laboratoire-selhausen.fr\/#website\"},\"datePublished\":\"2019-04-11T12:56:06+00:00\",\"dateModified\":\"2019-05-18T19:23:44+00:00\",\"breadcrumb\":{\"@id\":\"https:\/\/laboratoire-selhausen.fr\/index.php\/mentions-legales\/#breadcrumb\"},\"inLanguage\":\"fr-FR\",\"potentialAction\":[{\"@type\":\"ReadAction\",\"target\":[\"https:\/\/laboratoire-selhausen.fr\/index.php\/mentions-legales\/\"]}]},{\"@type\":\"BreadcrumbList\",\"@id\":\"https:\/\/laboratoire-selhausen.fr\/index.php\/mentions-legales\/#breadcrumb\",\"itemListElement\":[{\"@type\":\"ListItem\",\"position\":1,\"name\":\"Accueil\",\"item\":\"https:\/\/laboratoire-selhausen.fr\/\"},{\"@type\":\"ListItem\",\"position\":2,\"name\":\"Mentions l\u00e9gales\"}]},{\"@type\":\"WebSite\",\"@id\":\"https:\/\/laboratoire-selhausen.fr\/#website\",\"url\":\"https:\/\/laboratoire-selhausen.fr\/\",\"name\":\"laboratoire dentaire Selhausen\",\"description\":\"Solution de proth\u00e8se dentaire de pr\u00e9cision\",\"potentialAction\":[{\"@type\":\"SearchAction\",\"target\":{\"@type\":\"EntryPoint\",\"urlTemplate\":\"https:\/\/laboratoire-selhausen.fr\/?s={search_term_string}\"},\"query-input\":{\"@type\":\"PropertyValueSpecification\",\"valueRequired\":true,\"valueName\":\"search_term_string\"}}],\"inLanguage\":\"fr-FR\"}]}<\/script>\n<!-- \/ Yoast SEO plugin. -->","yoast_head_json":{"title":"Mentions l\u00e9gales - laboratoire dentaire Selhausen","robots":{"index":"index","follow":"follow","max-snippet":"max-snippet:-1","max-image-preview":"max-image-preview:large","max-video-preview":"max-video-preview:-1"},"canonical":"https:\/\/laboratoire-selhausen.fr\/index.php\/mentions-legales\/","og_locale":"fr_FR","og_type":"article","og_title":"Mentions l\u00e9gales - laboratoire dentaire Selhausen","og_description":"&nbsp; 1. Propri\u00e9taire du site Laboratoire Selhausen Adresse: 9 rue Fr\u00e9d\u00e9ric Chopin 54000 NANCY SIRET: 33395901300033 T\u00e9l\u00e9phone: 0383277545 E-mail: labolive@neuf.fr L\u2019adresse de notre site Web est&nbsp;: https:\/\/laboratoire-selhausen.fr H\u00e9bergeur du site : Hostinger France Adresse: Hostinger International Ltd. 61 Lordou Vironos Street6023 Larnaca, Chypre &nbsp; 2. Propri\u00e9t\u00e9 intellectuelle et contrefa\u00e7ons Le laboratoire dentaire SELHAUSEN garde ses&hellip;","og_url":"https:\/\/laboratoire-selhausen.fr\/index.php\/mentions-legales\/","og_site_name":"laboratoire dentaire Selhausen","article_publisher":"https:\/\/www.facebook.com\/Laboratoire-Selhausen-1871019383114080\/","article_modified_time":"2019-05-18T19:23:44+00:00","twitter_card":"summary_large_image","twitter_misc":{"Dur\u00e9e de lecture estim\u00e9e":"1 minute"},"schema":{"@context":"https:\/\/schema.org","@graph":[{"@type":"WebPage","@id":"https:\/\/laboratoire-selhausen.fr\/index.php\/mentions-legales\/","url":"https:\/\/laboratoire-selhausen.fr\/index.php\/mentions-legales\/","name":"Mentions l\u00e9gales - laboratoire dentaire Selhausen","isPartOf":{"@id":"https:\/\/laboratoire-selhausen.fr\/#website"},"datePublished":"2019-04-11T12:56:06+00:00","dateModified":"2019-05-18T19:23:44+00:00","breadcrumb":{"@id":"https:\/\/laboratoire-selhausen.fr\/index.php\/mentions-legales\/#breadcrumb"},"inLanguage":"fr-FR","potentialAction":[{"@type":"ReadAction","target":["https:\/\/laboratoire-selhausen.fr\/index.php\/mentions-legales\/"]}]},{"@type":"BreadcrumbList","@id":"https:\/\/laboratoire-selhausen.fr\/index.php\/mentions-legales\/#breadcrumb","itemListElement":[{"@type":"ListItem","position":1,"name":"Accueil","item":"https:\/\/laboratoire-selhausen.fr\/"},{"@type":"ListItem","position":2,"name":"Mentions l\u00e9gales"}]},{"@type":"WebSite","@id":"https:\/\/laboratoire-selhausen.fr\/#website","url":"https:\/\/laboratoire-selhausen.fr\/","name":"laboratoire dentaire Selhausen","description":"Solution de proth\u00e8se dentaire de pr\u00e9cision","potentialAction":[{"@type":"SearchAction","target":{"@type":"EntryPoint","urlTemplate":"https:\/\/laboratoire-selhausen.fr\/?s={search_term_string}"},"query-input":{"@type":"PropertyValueSpecification","valueRequired":true,"valueName":"search_term_string"}}],"inLanguage":"fr-FR"}]}},"_links":{"self":[{"href":"https:\/\/laboratoire-selhausen.fr\/index.php\/wp-json\/wp\/v2\/pages\/3","targetHints":{"allow":["GET"]}}],"collection":[{"href":"https:\/\/laboratoire-selhausen.fr\/index.php\/wp-json\/wp\/v2\/pages"}],"about":[{"href":"https:\/\/laboratoire-selhausen.fr\/index.php\/wp-json\/wp\/v2\/types\/page"}],"author":[{"embeddable":true,"href":"https:\/\/laboratoire-selhausen.fr\/index.php\/wp-json\/wp\/v2\/users\/1"}],"replies":[{"embeddable":true,"href":"https:\/\/laboratoire-selhausen.fr\/index.php\/wp-json\/wp\/v2\/comments?post=3"}],"version-history":[{"count":14,"href":"https:\/\/laboratoire-selhausen.fr\/index.php\/wp-json\/wp\/v2\/pages\/3\/revisions"}],"predecessor-version":[{"id":34191,"href":"https:\/\/laboratoire-selhausen.fr\/index.php\/wp-json\/wp\/v2\/pages\/3\/revisions\/34191"}],"wp:attachment":[{"href":"https:\/\/laboratoire-selhausen.fr\/index.php\/wp-json\/wp\/v2\/media?parent=3"}],"curies":[{"name":"wp","href":"https:\/\/api.w.org\/{rel}","templated":true}]}}